{"id":12387,"date":"2025-09-10T06:16:37","date_gmt":"2025-09-10T06:16:37","guid":{"rendered":"https:\/\/ciaocycling.cc\/?page_id=12387"},"modified":"2025-09-10T07:25:47","modified_gmt":"2025-09-10T07:25:47","slug":"gravel-camps","status":"publish","type":"page","link":"https:\/\/ciaocycling.cc\/de\/gravel-camps\/","title":{"rendered":"Gravel Camps"},"content":{"rendered":"<div data-elementor-type=\"wp-page\" data-elementor-id=\"12387\" class=\"elementor elementor-12387\" data-elementor-post-type=\"page\">\n\t\t\t\t\t\t<section class=\"elementor-section elementor-top-section elementor-element elementor-element-f86523f elementor-section-boxed elementor-section-height-default elementor-section-height-default\" data-id=\"f86523f\" data-element_type=\"section\" data-e-type=\"section\">\n\t\t\t\t\t\t<div class=\"elementor-container elementor-column-gap-default\">\n\t\t\t\t\t<div class=\"elementor-column elementor-col-50 elementor-top-column elementor-element elementor-element-73d21a5\" data-id=\"73d21a5\" data-element_type=\"column\" data-e-type=\"column\">\n\t\t\t<div class=\"elementor-widget-wrap elementor-element-populated\">\n\t\t\t\t\t\t<div class=\"elementor-element elementor-element-0e003ab elementor-widget elementor-widget-heading\" data-id=\"0e003ab\" data-element_type=\"widget\" data-e-type=\"widget\" data-widget_type=\"heading.default\">\n\t\t\t\t<div class=\"elementor-widget-container\">\n\t\t\t\t\t<h2 class=\"elementor-heading-title elementor-size-default\">Overview<\/h2>\t\t\t\t<\/div>\n\t\t\t\t<\/div>\n\t\t\t\t<div class=\"elementor-element elementor-element-557c0fe elementor-widget elementor-widget-text-editor\" data-id=\"557c0fe\" data-element_type=\"widget\" data-e-type=\"widget\" data-widget_type=\"text-editor.default\">\n\t\t\t\t<div class=\"elementor-widget-container\">\n\t\t\t\t\t\t\t\t\t<p data-start=\"191\" data-end=\"389\">The south-east side of <strong data-start=\"214\" data-end=\"228\">Lake Garda<\/strong> is a true paradise for <strong data-start=\"252\" data-end=\"270\">gravel cycling<\/strong> \u2014 a region where vineyard tracks, white gravel roads, and hidden countryside trails connect into endless adventures.<\/p><p data-start=\"391\" data-end=\"772\">Dive into quiet paths through olive groves, farmland, and rolling hills. The terrain is varied \u2014 from smooth <strong data-start=\"500\" data-end=\"522\">hard-packed gravel<\/strong> and grassy sections to stretches of <strong data-start=\"559\" data-end=\"577\">strade bianche<\/strong> with <strong data-start=\"583\" data-end=\"599\">small stones<\/strong> \u2014 always accessible and always rewarding. This area is perfect for riders who want a mix of scenic cruising, gentle climbs, and authentic Italian countryside exploration.<\/p><p data-start=\"774\" data-end=\"1250\">Our <strong data-start=\"778\" data-end=\"794\">gravel camps<\/strong> explore some of the most beautiful areas around Lake Garda. The wine hills of <strong data-start=\"873\" data-end=\"884\">Custoza<\/strong> und <strong data-start=\"889\" data-end=\"899\">Lugana<\/strong> are full of rolling strade bianche that wind between vineyards and charming villages. The landscapes of <strong data-start=\"1004\" data-end=\"1020\">Valpolicella<\/strong> combine gravel roads, shady lanes, and rustic farm tracks that feel untouched by time. And around <strong data-start=\"1119\" data-end=\"1128\">Garda<\/strong>, the trails open to breathtaking <strong data-start=\"1162\" data-end=\"1176\">lake views<\/strong>, with panoramic loops that capture the magic of riding gravel in Italy.<\/p><p data-start=\"1252\" data-end=\"1623\">What makes our <strong data-start=\"1267\" data-end=\"1283\">gravel camps<\/strong> special is their personal touch. We \u2014 <em data-start=\"1322\" data-end=\"1335\">Caro &amp; Caro<\/em> \u2014 live and ride here, and we want to show you not just the routes, but also the little hotspots, hidden corners, and Italian moments that have captured our hearts.<\/p><p data-start=\"79\" data-end=\"197\">Each camp is crafted as an<strong data-start=\"79\" data-end=\"195\"> intimate small-group experience, shaped with care <\/strong>so that<strong data-start=\"79\" data-end=\"195\"> every detail <\/strong>truly<strong data-start=\"79\" data-end=\"195\"> matters.<\/strong><\/p><p data-start=\"1625\" data-end=\"2079\">At <strong data-start=\"1628\" data-end=\"1643\">ciaocycling<\/strong>, our <strong data-start=\"1649\" data-end=\"1665\">gravel camps<\/strong> are designed for small groups, with options for both mixed and <strong data-start=\"1729\" data-end=\"1749\">women-only camps<\/strong>. Each camp blends <strong data-start=\"1768\" data-end=\"1797\">performance-focused rides<\/strong>, technical workshops, and plenty of time to enjoy Italian dolce vita \u2014 from espresso stops to evening aperitivi. With its variety of gravel surfaces, from smooth vineyard tracks to rugged trails, <strong data-start=\"1994\" data-end=\"2008\">Lake Garda<\/strong> is the perfect base for unforgettable <strong data-start=\"2047\" data-end=\"2076\">gravel cycling adventures<\/strong>.<\/p>\t\t\t\t\t\t\t\t<\/div>\n\t\t\t\t<\/div>\n\t\t\t\t\t<\/div>\n\t\t<\/div>\n\t\t\t\t<div class=\"elementor-column elementor-col-50 elementor-top-column elementor-element elementor-element-c9b7bca\" data-id=\"c9b7bca\" data-element_type=\"column\" data-e-type=\"column\">\n\t\t\t<div class=\"elementor-widget-wrap elementor-element-populated\">\n\t\t\t\t\t\t<div class=\"elementor-element elementor-element-3e34926 elementor-widget-mobile__width-inherit elementor-widget elementor-widget-image\" data-id=\"3e34926\" data-element_type=\"widget\" data-e-type=\"widget\" data-widget_type=\"image.default\">\n\t\t\t\t<div class=\"elementor-widget-container\">\n\t\t\t\t\t\t\t\t\t\t\t\t\t\t\t<img fetchpriority=\"high\" decoding=\"async\" width=\"980\" height=\"654\" src=\"https:\/\/ciaocycling.cc\/wp-content\/uploads\/2025\/09\/ciaocycling-cipressi-group.jpg\" class=\"attachment-large size-large wp-image-12355\" alt=\"\" srcset=\"https:\/\/ciaocycling.cc\/wp-content\/uploads\/2025\/09\/ciaocycling-cipressi-group.jpg 1024w, https:\/\/ciaocycling.cc\/wp-content\/uploads\/2025\/09\/ciaocycling-cipressi-group-300x200.jpg 300w, https:\/\/ciaocycling.cc\/wp-content\/uploads\/2025\/09\/ciaocycling-cipressi-group-768x512.jpg 768w, https:\/\/ciaocycling.cc\/wp-content\/uploads\/2025\/09\/ciaocycling-cipressi-group-18x12.jpg 18w, https:\/\/ciaocycling.cc\/wp-content\/uploads\/2025\/09\/ciaocycling-cipressi-group-675x450.jpg 675w\" sizes=\"(max-width: 980px) 100vw, 980px\" \/>\t\t\t\t\t\t\t\t\t\t\t\t\t\t\t<\/div>\n\t\t\t\t<\/div>\n\t\t\t\t<div class=\"elementor-element elementor-element-caf5c0d elementor-widget-mobile__width-inherit elementor-widget elementor-widget-image\" data-id=\"caf5c0d\" data-element_type=\"widget\" data-e-type=\"widget\" data-widget_type=\"image.default\">\n\t\t\t\t<div class=\"elementor-widget-container\">\n\t\t\t\t\t\t\t\t\t\t\t\t\t\t\t<img decoding=\"async\" width=\"768\" height=\"512\" src=\"https:\/\/ciaocycling.cc\/wp-content\/uploads\/2025\/09\/San-Vigilio-768x512.jpg\" class=\"attachment-medium_large size-medium_large wp-image-12354\" alt=\"\" srcset=\"https:\/\/ciaocycling.cc\/wp-content\/uploads\/2025\/09\/San-Vigilio-768x512.jpg 768w, https:\/\/ciaocycling.cc\/wp-content\/uploads\/2025\/09\/San-Vigilio-300x200.jpg 300w, https:\/\/ciaocycling.cc\/wp-content\/uploads\/2025\/09\/San-Vigilio-18x12.jpg 18w, https:\/\/ciaocycling.cc\/wp-content\/uploads\/2025\/09\/San-Vigilio-675x450.jpg 675w, https:\/\/ciaocycling.cc\/wp-content\/uploads\/2025\/09\/San-Vigilio.jpg 1024w\" sizes=\"(max-width: 768px) 100vw, 768px\" \/>\t\t\t\t\t\t\t\t\t\t\t\t\t\t\t<\/div>\n\t\t\t\t<\/div>\n\t\t\t\t\t<\/div>\n\t\t<\/div>\n\t\t\t\t\t<\/div>\n\t\t<\/section>\n\t\t\t\t<section class=\"elementor-section elementor-top-section elementor-element elementor-element-1919225 elementor-section-boxed elementor-section-height-default elementor-section-height-default\" data-id=\"1919225\" data-element_type=\"section\" data-e-type=\"section\">\n\t\t\t\t\t\t<div class=\"elementor-container elementor-column-gap-default\">\n\t\t\t\t\t<div class=\"elementor-column elementor-col-100 elementor-top-column elementor-element elementor-element-5941709\" data-id=\"5941709\" data-element_type=\"column\" data-e-type=\"column\">\n\t\t\t<div class=\"elementor-widget-wrap elementor-element-populated\">\n\t\t\t\t\t\t<div class=\"elementor-element elementor-element-484f722 elementor-widget elementor-widget-heading\" data-id=\"484f722\" data-element_type=\"widget\" data-e-type=\"widget\" data-widget_type=\"heading.default\">\n\t\t\t\t<div class=\"elementor-widget-container\">\n\t\t\t\t\t<h2 class=\"elementor-heading-title elementor-size-default\">Upcoming Gravel Camps<\/h2>\t\t\t\t<\/div>\n\t\t\t\t<\/div>\n\t\t\t\t\t<\/div>\n\t\t<\/div>\n\t\t\t\t\t<\/div>\n\t\t<\/section>\n\t\t\t\t<section class=\"elementor-section elementor-top-section elementor-element elementor-element-a5e34bf elementor-section-boxed elementor-section-height-default elementor-section-height-default\" data-id=\"a5e34bf\" data-element_type=\"section\" data-e-type=\"section\">\n\t\t\t\t\t\t<div class=\"elementor-container elementor-column-gap-default\">\n\t\t\t\t\t<div class=\"elementor-column elementor-col-100 elementor-top-column elementor-element elementor-element-5e7d3ca\" data-id=\"5e7d3ca\" data-element_type=\"column\" data-e-type=\"column\">\n\t\t\t<div class=\"elementor-widget-wrap elementor-element-populated\">\n\t\t\t\t\t\t<div class=\"elementor-element elementor-element-5142255 arrow-style-1 elementor-widget elementor-widget-babe-all-items\" data-id=\"5142255\" data-element_type=\"widget\" data-e-type=\"widget\" data-widget_type=\"babe-all-items.default\">\n\t\t\t\t<div class=\"elementor-widget-container\">\n\t\t\t\t\t<div data-elementor-columns=\"3\" data-elementor-columns-tablet=\"2\" data-elementor-columns-mobile=\"1\">\n\t\t\t\t<div class=\"babe_shortcode_block sc_all_items\">\n\t\t\t\t\t<div class=\"babe_shortcode_block_bg_inner\">\n\t\t\t\t\t\t<div class=\"babe_shortcode_block_inner\">\n\t\t\t\t\t\t\t\n\t\t\t\t\t\t<\/div>\n\t\t\t\t\t\t\n\t\t\t\t\t<\/div>\n\t\t\t\t<\/div>\n\t\t\t<\/div>\t\t\t\t<\/div>\n\t\t\t\t<\/div>\n\t\t\t\t<div class=\"elementor-element elementor-element-2d4f261 elementor-widget elementor-widget-heading\" data-id=\"2d4f261\" data-element_type=\"widget\" data-e-type=\"widget\" data-widget_type=\"heading.default\">\n\t\t\t\t<div class=\"elementor-widget-container\">\n\t\t\t\t\t<h2 class=\"elementor-heading-title elementor-size-default\">What they say about our gravel camps<\/h2>\t\t\t\t<\/div>\n\t\t\t\t<\/div>\n\t\t\t\t<div class=\"elementor-element elementor-element-e32ffd6 elementor-arrows-yes elementor-pagination-type-bullets elementor-review--has-separator elementor--star-style-star_fontawesome elementor-widget elementor-widget-reviews\" data-id=\"e32ffd6\" data-element_type=\"widget\" data-e-type=\"widget\" data-settings=\"{&quot;show_arrows&quot;:&quot;yes&quot;,&quot;pagination&quot;:&quot;bullets&quot;,&quot;speed&quot;:500,&quot;autoplay&quot;:&quot;yes&quot;,&quot;autoplay_speed&quot;:5000,&quot;loop&quot;:&quot;yes&quot;,&quot;pause_on_hover&quot;:&quot;yes&quot;,&quot;pause_on_interaction&quot;:&quot;yes&quot;,&quot;space_between&quot;:{&quot;unit&quot;:&quot;px&quot;,&quot;size&quot;:10,&quot;sizes&quot;:[]},&quot;space_between_tablet&quot;:{&quot;unit&quot;:&quot;px&quot;,&quot;size&quot;:10,&quot;sizes&quot;:[]},&quot;space_between_mobile&quot;:{&quot;unit&quot;:&quot;px&quot;,&quot;size&quot;:10,&quot;sizes&quot;:[]}}\" data-widget_type=\"reviews.default\">\n\t\t\t\t<div class=\"elementor-widget-container\">\n\t\t\t\t\t\t\t\t\t<div class=\"elementor-swiper\">\n\t\t\t\t\t<div class=\"elementor-main-swiper swiper\" role=\"region\" aria-roledescription=\"carousel\" aria-label=\"Folien\">\n\t\t\t\t<div class=\"swiper-wrapper\">\n\t\t\t\t\t\t\t\t\t\t\t<div class=\"swiper-slide\" role=\"group\" aria-roledescription=\"slide\">\n\t\t\t\t\t\t\t\t\t<div class=\"elementor-testimonial elementor-repeater-item-31772e4\">\n\t\t\t\t\t\t\t<div class=\"elementor-testimonial__header\">\n\t\t\t\t\t\t\t\t\t\t<cite class=\"elementor-testimonial__cite\"><span class=\"elementor-testimonial__name\">Anne B.<\/span><div class=\"elementor-star-rating\"><i class=\"elementor-star-full\">\ue934<\/i><i class=\"elementor-star-full\">\ue934<\/i><i class=\"elementor-star-full\">\ue934<\/i><i class=\"elementor-star-full\">\ue934<\/i><i class=\"elementor-star-full\">\ue934<\/i><\/div><span class=\"elementor-testimonial__title\">Google Bewertung<\/span><\/cite>\t\t\t\t\t<div class=\"elementor-testimonial__icon elementor-icon elementor-icon-\" aria-label=\"Read More\"><\/div>\t\t\t\t<\/div>\n\t\t\t\t\t\t\t\t\t\t<div class=\"elementor-testimonial__content\">\n\t\t\t\t\t<div class=\"elementor-testimonial__text\">\n\t\t\t\t\t\tDas \u201eLadies Garda Gravel Camp\u201c von Caro war einfach genial. Caro lebt und liebt das Radfahren in dieser Region und steckt einen mit ihrer Passion an.\nDie Routen waren detailliert geplant und wurden auch noch kurzfristig auf unsere Bed\u00fcrfnisse angepasst. Wir sind Wege gefahren, die auf keiner Karte verzeichnet sind und nur bei Locals bekannt sind.\nCaro denkt an alles, vom Coffee-Stop an originellen Orten, Abendessen mit lokalen Spezialit\u00e4ten bis zum unkomplizierten, schnellen Werkstattbesuch bei technischen Problemen.\nIn einer famili\u00e4ren Atmosph\u00e4re habe ich die 4 Tage einfach nur genossen. Absolute Empfehlung!\t\t\t\t\t<\/div>\n\t\t\t\t<\/div>\n\t\t\t\t\t<\/div>\n\t\t\t\t\t\t\t\t<\/div>\n\t\t\t\t\t\t\t\t\t\t\t<div class=\"swiper-slide\" role=\"group\" aria-roledescription=\"slide\">\n\t\t\t\t\t\t\t\t\t<div class=\"elementor-testimonial elementor-repeater-item-1471538\">\n\t\t\t\t\t\t\t<div class=\"elementor-testimonial__header\">\n\t\t\t\t\t\t\t\t\t\t<cite class=\"elementor-testimonial__cite\"><span class=\"elementor-testimonial__name\">Marlene L.<\/span><div class=\"elementor-star-rating\"><i class=\"elementor-star-full\">\ue934<\/i><i class=\"elementor-star-full\">\ue934<\/i><i class=\"elementor-star-full\">\ue934<\/i><i class=\"elementor-star-full\">\ue934<\/i><i class=\"elementor-star-full\">\ue934<\/i><\/div><span class=\"elementor-testimonial__title\">Google Bewertung<\/span><\/cite>\t\t\t\t\t<div class=\"elementor-testimonial__icon elementor-icon elementor-icon-\" aria-label=\"Read More\"><\/div>\t\t\t\t<\/div>\n\t\t\t\t\t\t\t\t\t\t<div class=\"elementor-testimonial__content\">\n\t\t\t\t\t<div class=\"elementor-testimonial__text\">\n\t\t\t\t\t\tIch war Teil des Ladies Garda Gravel Camps. Das Camp dauerte insgesamt 4 Tage. Caro hat dieses mit ganz viel Liebe organisiert und uns als Guide ganz besondere Routen und Spots gezeigt.  Das Camp war insgesamt sehr gut organisiert, egal ob es sich um Bike Verleih, Abendessen, Weintasting o.\u00e4 handelte. Caro hat mit sehr viel Liebe zum Detail eine tolle Gruppenatmosph\u00e4re geschaffen und hatte fantastische Kooperationspartner an der Hand.\nEs war eine wunderbare Erfahrung!\t\t\t\t\t<\/div>\n\t\t\t\t<\/div>\n\t\t\t\t\t<\/div>\n\t\t\t\t\t\t\t\t<\/div>\n\t\t\t\t\t\t\t\t\t\t\t<div class=\"swiper-slide\" role=\"group\" aria-roledescription=\"slide\">\n\t\t\t\t\t\t\t\t\t<div class=\"elementor-testimonial elementor-repeater-item-a7122f0\">\n\t\t\t\t\t\t\t<div class=\"elementor-testimonial__header\">\n\t\t\t\t\t\t\t\t\t\t<cite class=\"elementor-testimonial__cite\"><span class=\"elementor-testimonial__name\">Tina M.<\/span><div class=\"elementor-star-rating\"><i class=\"elementor-star-full\">\ue934<\/i><i class=\"elementor-star-full\">\ue934<\/i><i class=\"elementor-star-full\">\ue934<\/i><i class=\"elementor-star-full\">\ue934<\/i><i class=\"elementor-star-full\">\ue934<\/i><\/div><span class=\"elementor-testimonial__title\">Google Bewertung<\/span><\/cite>\t\t\t\t\t<div class=\"elementor-testimonial__icon elementor-icon elementor-icon-\" aria-label=\"Read More\"><\/div>\t\t\t\t<\/div>\n\t\t\t\t\t\t\t\t\t\t<div class=\"elementor-testimonial__content\">\n\t\t\t\t\t<div class=\"elementor-testimonial__text\">\n\t\t\t\t\t\tIch war beim \"Ladies Garda Gravel Camp\" von Caro dabei \u2013 und es war einfach unvergesslich! 4 Tage voller abwechslungsreicher Touren, die uns zu Wegen und Aussichtspunkten gef\u00fchrt haben, die man alleine niemals gefunden h\u00e4tte.\n\nCaro war die ganze Zeit mit dabei, hat uns sicher geguided und uns dabei ihre Lieblingspl\u00e4tze gezeigt \u2013 von versteckten Spots bis hin zu traditionellen Caf\u00e9s ohne Touristen. Besonders sch\u00f6n waren auch die Einblicke in ihr Leben vor Ort, die das Ganze noch pers\u00f6nlicher gemacht haben.\n\nMan sp\u00fcrt bei allem Caros liebevolle und coole Art sowie ihr Auge f\u00fcrs Detail \u2013 genau das hat dieses Camp so besonders gemacht. Ich habe mich rundum wohlgef\u00fchlt und nehme viele tolle Erinnerungen mit. Absolute Empfehlung! \ud83d\udeb4\u200d\u2640\ufe0f\u2728\t\t\t\t\t<\/div>\n\t\t\t\t<\/div>\n\t\t\t\t\t<\/div>\n\t\t\t\t\t\t\t\t<\/div>\n\t\t\t\t\t\t\t\t\t<\/div>\n\t\t\t\t\t\t\t\t\t\t\t\t\t\t\t<div class=\"elementor-swiper-button elementor-swiper-button-prev\" role=\"button\" tabindex=\"0\" aria-label=\"Previous\">\n\t\t\t\t\t\t\t<i aria-hidden=\"true\" class=\"eicon-chevron-left\"><\/i>\t\t\t\t\t\t<\/div>\n\t\t\t\t\t\t<div class=\"elementor-swiper-button elementor-swiper-button-next\" role=\"button\" tabindex=\"0\" aria-label=\"Next\">\n\t\t\t\t\t\t\t<i aria-hidden=\"true\" class=\"eicon-chevron-right\"><\/i>\t\t\t\t\t\t<\/div>\n\t\t\t\t\t\t\t\t\t\t\t\t\t\t\t\t<div class=\"swiper-pagination\"><\/div>\n\t\t\t\t\t\t\t\t\t\t\t\t<\/div>\n\t\t\t\t<\/div>\n\t\t\t\t\t\t\t\t<\/div>\n\t\t\t\t<\/div>\n\t\t\t\t\t<\/div>\n\t\t<\/div>\n\t\t\t\t\t<\/div>\n\t\t<\/section>\n\t\t\t\t<\/div>","protected":false},"excerpt":{"rendered":"<p>Overview The south-east side of Lake Garda is a true paradise for gravel cycling \u2014 a region where vineyard tracks, white gravel roads, and hidden countryside trails connect into endless adventures. Dive into quiet paths through olive groves, farmland, and rolling hills. The terrain is varied \u2014 from smooth hard-packed gravel and grassy sections to [&hellip;]<\/p>\n","protected":false},"author":2,"featured_media":0,"parent":0,"menu_order":0,"comment_status":"closed","ping_status":"closed","template":"elementor_header_footer","meta":{"footnotes":""},"class_list":["post-12387","page","type-page","status-publish","hentry"],"_links":{"self":[{"href":"https:\/\/ciaocycling.cc\/de\/wp-json\/wp\/v2\/pages\/12387","targetHints":{"allow":["GET"]}}],"collection":[{"href":"https:\/\/ciaocycling.cc\/de\/wp-json\/wp\/v2\/pages"}],"about":[{"href":"https:\/\/ciaocycling.cc\/de\/wp-json\/wp\/v2\/types\/page"}],"author":[{"embeddable":true,"href":"https:\/\/ciaocycling.cc\/de\/wp-json\/wp\/v2\/users\/2"}],"replies":[{"embeddable":true,"href":"https:\/\/ciaocycling.cc\/de\/wp-json\/wp\/v2\/comments?post=12387"}],"version-history":[{"count":20,"href":"https:\/\/ciaocycling.cc\/de\/wp-json\/wp\/v2\/pages\/12387\/revisions"}],"predecessor-version":[{"id":12424,"href":"https:\/\/ciaocycling.cc\/de\/wp-json\/wp\/v2\/pages\/12387\/revisions\/12424"}],"wp:attachment":[{"href":"https:\/\/ciaocycling.cc\/de\/wp-json\/wp\/v2\/media?parent=12387"}],"curies":[{"name":"wp","href":"https:\/\/api.w.org\/{rel}","templated":true}]}}